{"id":133,"date":"2020-09-10T19:14:58","date_gmt":"2020-09-10T17:14:58","guid":{"rendered":"http:\/\/alieshope.com\/?post_type=product&#038;p=133"},"modified":"2024-03-23T03:31:42","modified_gmt":"2024-03-23T02:31:42","slug":"lot-de-50pcs-100pcs-voile-de-tulle-rond-organza-paillete-sachet-bonbons-pochette-dragees-bijoux-perle-cadeau-faveur-invites-decoration-mariage-bapteme-fete-dia-26cm-multicolore","status":"publish","type":"product","link":"https:\/\/alieshope.com\/index.php\/produit\/lot-de-50pcs-100pcs-voile-de-tulle-rond-organza-paillete-sachet-bonbons-pochette-dragees-bijoux-perle-cadeau-faveur-invites-decoration-mariage-bapteme-fete-dia-26cm-multicolore\/","title":{"rendered":"Lot de 50pcs\/100pcs Voile de Tulle Rond Organza Paillet\u00e9 Sachet Bonbons Pochette Drag\u00e9es Bijoux Perle Cadeau Faveur Invit\u00e9s D\u00e9coration Mariage Bapt\u00eame F\u00eate (Dia 26cm, multicolore)"},"content":{"rendered":"<h1 id=\"title\" class=\"a-size-large a-spacing-none\"><span id=\"productTitle\" class=\"a-size-large product-title-word-break\">Lot de 50pcs\/100pcs Voile de Tulle Rond Organza Paillet\u00e9 Sachet Bonbons Pochette Drag\u00e9es Bijoux Perle Cadeau Faveur Invit\u00e9s D\u00e9coration Mariage Bapt\u00eame F\u00eate (Dia 26cm, multicolore)<\/span><\/h1>\n","protected":false},"excerpt":{"rendered":"<ul class=\"a-unordered-list a-vertical a-spacing-mini\">\n<li><span class=\"a-list-item\">Mat\u00e9riel: organza. Avec des petites paillettes et mati\u00e8re r\u00e9utilisable.<\/span><\/li>\n<li><span class=\"a-list-item\">Emballage inclus: 50pcs\/100pcs Voile de Tulle Rond.<\/span><\/li>\n<li><span class=\"a-list-item\">Diam\u00e8tres: 26cm.<\/span><\/li>\n<li><span class=\"a-list-item\">Avec le cordon, les tulles sont facile \u00e0 fermer et ouvrir.<\/span><\/li>\n<li><span class=\"a-list-item\">Sachet de faveur, cadeau et d\u00e9coration id\u00e9ale pour mariage au th\u00e8me naturel ou bapt\u00eame.<\/span><\/li>\n<\/ul>\n<div class=\"prdm-research productor-style-container prdm-card\" data-research-asin=\"B07GZ9881L\">\n<div class=\"prdm-research-entry d-flex align-items-center\"><\/div>\n<\/div>\n","protected":false},"featured_media":134,"comment_status":"open","ping_status":"closed","template":"","meta":{"jetpack_publicize_message":"","jetpack_publicize_feature_enabled":true,"jetpack_social_post_already_shared":false,"jetpack_social_options":{"image_generator_settings":{"template":"highway","enabled":false},"version":2}},"product_cat":[28],"product_tag":[],"jetpack_publicize_connections":[],"yoast_head":"<!-- This site is optimized with the Yoast SEO plugin v23.5 - https:\/\/yoast.com\/wordpress\/plugins\/seo\/ -->\n<title>Lot de 50pcs\/100pcs Voile de Tulle Rond Organza Paillet\u00e9 Sachet Bonbons Pochette Drag\u00e9es Bijoux Perle Cadeau Faveur Invit\u00e9s D\u00e9coration Mariage Bapt\u00eame F\u00eate (Dia 26cm, multicolore) - NEGAFA ZIANA PARIS<\/title>\n<meta name=\"description\" content=\"Lot de 50pcs\/100pcs Voile de Tulle Rond Organza Paillet\u00e9 Sachet Bonbons Pochette Drag\u00e9es Bijoux Perle Cadeau Faveur Invit\u00e9s D\u00e9coration Mariage Bapt\u00eame F\u00eate (Dia 26cm, multicolore) pas cher\" \/>\n<meta name=\"robots\" content=\"index, follow, max-snippet:-1, max-image-preview:large, max-video-preview:-1\" \/>\n<link rel=\"canonical\" href=\"https:\/\/alieshope.com\/index.php\/produit\/lot-de-50pcs-100pcs-voile-de-tulle-rond-organza-paillete-sachet-bonbons-pochette-dragees-bijoux-perle-cadeau-faveur-invites-decoration-mariage-bapteme-fete-dia-26cm-multicolore\/\" \/>\n<meta property=\"og:locale\" content=\"en_US\" \/>\n<meta property=\"og:type\" content=\"article\" \/>\n<meta property=\"og:title\" content=\"Lot de 50pcs\/100pcs Voile de Tulle Rond Organza Paillet\u00e9 Sachet Bonbons Pochette Drag\u00e9es Bijoux Perle Cadeau Faveur Invit\u00e9s D\u00e9coration Mariage Bapt\u00eame F\u00eate (Dia 26cm, multicolore) - NEGAFA ZIANA PARIS\" \/>\n<meta property=\"og:description\" content=\"Lot de 50pcs\/100pcs Voile de Tulle Rond Organza Paillet\u00e9 Sachet Bonbons Pochette Drag\u00e9es Bijoux Perle Cadeau Faveur Invit\u00e9s D\u00e9coration Mariage Bapt\u00eame F\u00eate (Dia 26cm, multicolore) pas cher\" \/>\n<meta property=\"og:url\" content=\"https:\/\/alieshope.com\/index.php\/produit\/lot-de-50pcs-100pcs-voile-de-tulle-rond-organza-paillete-sachet-bonbons-pochette-dragees-bijoux-perle-cadeau-faveur-invites-decoration-mariage-bapteme-fete-dia-26cm-multicolore\/\" \/>\n<meta property=\"og:site_name\" content=\"NEGAFA ZIANA PARIS\" \/>\n<meta property=\"article:modified_time\" content=\"2024-03-23T02:31:42+00:00\" \/>\n<meta property=\"og:image\" content=\"https:\/\/i0.wp.com\/alieshope.com\/wp-content\/uploads\/2020\/09\/51t1qfEF0VL._AC_SL1000_.jpg?fit=876%2C708&ssl=1\" \/>\n\t<meta property=\"og:image:width\" content=\"876\" \/>\n\t<meta property=\"og:image:height\" content=\"708\" \/>\n\t<meta property=\"og:image:type\" content=\"image\/jpeg\" \/>\n<meta name=\"twitter:card\" content=\"summary_large_image\" \/>\n<script type=\"application\/ld+json\" class=\"yoast-schema-graph\">{\"@context\":\"https:\/\/schema.org\",\"@graph\":[{\"@type\":\"WebPage\",\"@id\":\"https:\/\/alieshope.com\/index.php\/produit\/lot-de-50pcs-100pcs-voile-de-tulle-rond-organza-paillete-sachet-bonbons-pochette-dragees-bijoux-perle-cadeau-faveur-invites-decoration-mariage-bapteme-fete-dia-26cm-multicolore\/\",\"url\":\"https:\/\/alieshope.com\/index.php\/produit\/lot-de-50pcs-100pcs-voile-de-tulle-rond-organza-paillete-sachet-bonbons-pochette-dragees-bijoux-perle-cadeau-faveur-invites-decoration-mariage-bapteme-fete-dia-26cm-multicolore\/\",\"name\":\"Lot de 50pcs\/100pcs Voile de Tulle Rond Organza Paillet\u00e9 Sachet Bonbons Pochette Drag\u00e9es Bijoux Perle Cadeau Faveur Invit\u00e9s D\u00e9coration Mariage Bapt\u00eame F\u00eate (Dia 26cm, multicolore) - NEGAFA ZIANA PARIS\",\"isPartOf\":{\"@id\":\"https:\/\/alieshope.com\/#website\"},\"primaryImageOfPage\":{\"@id\":\"https:\/\/alieshope.com\/index.php\/produit\/lot-de-50pcs-100pcs-voile-de-tulle-rond-organza-paillete-sachet-bonbons-pochette-dragees-bijoux-perle-cadeau-faveur-invites-decoration-mariage-bapteme-fete-dia-26cm-multicolore\/#primaryimage\"},\"image\":{\"@id\":\"https:\/\/alieshope.com\/index.php\/produit\/lot-de-50pcs-100pcs-voile-de-tulle-rond-organza-paillete-sachet-bonbons-pochette-dragees-bijoux-perle-cadeau-faveur-invites-decoration-mariage-bapteme-fete-dia-26cm-multicolore\/#primaryimage\"},\"thumbnailUrl\":\"https:\/\/i0.wp.com\/alieshope.com\/wp-content\/uploads\/2020\/09\/51t1qfEF0VL._AC_SL1000_.jpg?fit=876%2C708&ssl=1\",\"datePublished\":\"2020-09-10T17:14:58+00:00\",\"dateModified\":\"2024-03-23T02:31:42+00:00\",\"description\":\"Lot de 50pcs\/100pcs Voile de Tulle Rond Organza Paillet\u00e9 Sachet Bonbons Pochette Drag\u00e9es Bijoux Perle Cadeau Faveur Invit\u00e9s D\u00e9coration Mariage Bapt\u00eame F\u00eate (Dia 26cm, multicolore) pas cher\",\"breadcrumb\":{\"@id\":\"https:\/\/alieshope.com\/index.php\/produit\/lot-de-50pcs-100pcs-voile-de-tulle-rond-organza-paillete-sachet-bonbons-pochette-dragees-bijoux-perle-cadeau-faveur-invites-decoration-mariage-bapteme-fete-dia-26cm-multicolore\/#breadcrumb\"},\"inLanguage\":\"en-US\",\"potentialAction\":[{\"@type\":\"ReadAction\",\"target\":[\"https:\/\/alieshope.com\/index.php\/produit\/lot-de-50pcs-100pcs-voile-de-tulle-rond-organza-paillete-sachet-bonbons-pochette-dragees-bijoux-perle-cadeau-faveur-invites-decoration-mariage-bapteme-fete-dia-26cm-multicolore\/\"]}]},{\"@type\":\"ImageObject\",\"inLanguage\":\"en-US\",\"@id\":\"https:\/\/alieshope.com\/index.php\/produit\/lot-de-50pcs-100pcs-voile-de-tulle-rond-organza-paillete-sachet-bonbons-pochette-dragees-bijoux-perle-cadeau-faveur-invites-decoration-mariage-bapteme-fete-dia-26cm-multicolore\/#primaryimage\",\"url\":\"https:\/\/i0.wp.com\/alieshope.com\/wp-content\/uploads\/2020\/09\/51t1qfEF0VL._AC_SL1000_.jpg?fit=876%2C708&ssl=1\",\"contentUrl\":\"https:\/\/i0.wp.com\/alieshope.com\/wp-content\/uploads\/2020\/09\/51t1qfEF0VL._AC_SL1000_.jpg?fit=876%2C708&ssl=1\",\"width\":876,\"height\":708,\"caption\":\"Lot de 50pcs\/100pcs Voile de Tulle Rond Organza Paillet\u00e9 Sachet Bonbons Pochette Drag\u00e9es Bijoux Perle Cadeau Faveur Invit\u00e9s D\u00e9coration Mariage Bapt\u00eame F\u00eate (Dia 26cm, multicolore)\"},{\"@type\":\"BreadcrumbList\",\"@id\":\"https:\/\/alieshope.com\/index.php\/produit\/lot-de-50pcs-100pcs-voile-de-tulle-rond-organza-paillete-sachet-bonbons-pochette-dragees-bijoux-perle-cadeau-faveur-invites-decoration-mariage-bapteme-fete-dia-26cm-multicolore\/#breadcrumb\",\"itemListElement\":[{\"@type\":\"ListItem\",\"position\":1,\"name\":\"Accueil\",\"item\":\"https:\/\/alieshope.com\/\"},{\"@type\":\"ListItem\",\"position\":2,\"name\":\"Boutique\",\"item\":\"https:\/\/alieshope.com\/index.php\/boutique\/\"},{\"@type\":\"ListItem\",\"position\":3,\"name\":\"Lot de 50pcs\/100pcs Voile de Tulle Rond Organza Paillet\u00e9 Sachet Bonbons Pochette Drag\u00e9es Bijoux Perle Cadeau Faveur Invit\u00e9s D\u00e9coration Mariage Bapt\u00eame F\u00eate (Dia 26cm, multicolore)\"}]},{\"@type\":\"WebSite\",\"@id\":\"https:\/\/alieshope.com\/#website\",\"url\":\"https:\/\/alieshope.com\/\",\"name\":\"NEGAFA ZIANA PARIS\",\"description\":\"NEGAFA PARISIENNE \",\"publisher\":{\"@id\":\"https:\/\/alieshope.com\/#organization\"},\"potentialAction\":[{\"@type\":\"SearchAction\",\"target\":{\"@type\":\"EntryPoint\",\"urlTemplate\":\"https:\/\/alieshope.com\/?s={search_term_string}\"},\"query-input\":{\"@type\":\"PropertyValueSpecification\",\"valueRequired\":true,\"valueName\":\"search_term_string\"}}],\"inLanguage\":\"en-US\"},{\"@type\":\"Organization\",\"@id\":\"https:\/\/alieshope.com\/#organization\",\"name\":\"negafa\",\"url\":\"https:\/\/alieshope.com\/\",\"logo\":{\"@type\":\"ImageObject\",\"inLanguage\":\"en-US\",\"@id\":\"https:\/\/alieshope.com\/#\/schema\/logo\/image\/\",\"url\":\"https:\/\/i0.wp.com\/alieshope.com\/wp-content\/uploads\/2020\/09\/cropped-Cercle-Vert-Environnement-Logo-2.png?fit=500%2C343\",\"contentUrl\":\"https:\/\/i0.wp.com\/alieshope.com\/wp-content\/uploads\/2020\/09\/cropped-Cercle-Vert-Environnement-Logo-2.png?fit=500%2C343\",\"width\":500,\"height\":343,\"caption\":\"negafa\"},\"image\":{\"@id\":\"https:\/\/alieshope.com\/#\/schema\/logo\/image\/\"}}]}<\/script>\n<!-- \/ Yoast SEO plugin. -->","yoast_head_json":{"title":"Lot de 50pcs\/100pcs Voile de Tulle Rond Organza Paillet\u00e9 Sachet Bonbons Pochette Drag\u00e9es Bijoux Perle Cadeau Faveur Invit\u00e9s D\u00e9coration Mariage Bapt\u00eame F\u00eate (Dia 26cm, multicolore) - NEGAFA ZIANA PARIS","description":"Lot de 50pcs\/100pcs Voile de Tulle Rond Organza Paillet\u00e9 Sachet Bonbons Pochette Drag\u00e9es Bijoux Perle Cadeau Faveur Invit\u00e9s D\u00e9coration Mariage Bapt\u00eame F\u00eate (Dia 26cm, multicolore) pas cher","robots":{"index":"index","follow":"follow","max-snippet":"max-snippet:-1","max-image-preview":"max-image-preview:large","max-video-preview":"max-video-preview:-1"},"canonical":"https:\/\/alieshope.com\/index.php\/produit\/lot-de-50pcs-100pcs-voile-de-tulle-rond-organza-paillete-sachet-bonbons-pochette-dragees-bijoux-perle-cadeau-faveur-invites-decoration-mariage-bapteme-fete-dia-26cm-multicolore\/","og_locale":"en_US","og_type":"article","og_title":"Lot de 50pcs\/100pcs Voile de Tulle Rond Organza Paillet\u00e9 Sachet Bonbons Pochette Drag\u00e9es Bijoux Perle Cadeau Faveur Invit\u00e9s D\u00e9coration Mariage Bapt\u00eame F\u00eate (Dia 26cm, multicolore) - NEGAFA ZIANA PARIS","og_description":"Lot de 50pcs\/100pcs Voile de Tulle Rond Organza Paillet\u00e9 Sachet Bonbons Pochette Drag\u00e9es Bijoux Perle Cadeau Faveur Invit\u00e9s D\u00e9coration Mariage Bapt\u00eame F\u00eate (Dia 26cm, multicolore) pas cher","og_url":"https:\/\/alieshope.com\/index.php\/produit\/lot-de-50pcs-100pcs-voile-de-tulle-rond-organza-paillete-sachet-bonbons-pochette-dragees-bijoux-perle-cadeau-faveur-invites-decoration-mariage-bapteme-fete-dia-26cm-multicolore\/","og_site_name":"NEGAFA ZIANA PARIS","article_modified_time":"2024-03-23T02:31:42+00:00","og_image":[{"width":876,"height":708,"url":"https:\/\/i0.wp.com\/alieshope.com\/wp-content\/uploads\/2020\/09\/51t1qfEF0VL._AC_SL1000_.jpg?fit=876%2C708&ssl=1","type":"image\/jpeg"}],"twitter_card":"summary_large_image","schema":{"@context":"https:\/\/schema.org","@graph":[{"@type":"WebPage","@id":"https:\/\/alieshope.com\/index.php\/produit\/lot-de-50pcs-100pcs-voile-de-tulle-rond-organza-paillete-sachet-bonbons-pochette-dragees-bijoux-perle-cadeau-faveur-invites-decoration-mariage-bapteme-fete-dia-26cm-multicolore\/","url":"https:\/\/alieshope.com\/index.php\/produit\/lot-de-50pcs-100pcs-voile-de-tulle-rond-organza-paillete-sachet-bonbons-pochette-dragees-bijoux-perle-cadeau-faveur-invites-decoration-mariage-bapteme-fete-dia-26cm-multicolore\/","name":"Lot de 50pcs\/100pcs Voile de Tulle Rond Organza Paillet\u00e9 Sachet Bonbons Pochette Drag\u00e9es Bijoux Perle Cadeau Faveur Invit\u00e9s D\u00e9coration Mariage Bapt\u00eame F\u00eate (Dia 26cm, multicolore) - NEGAFA ZIANA PARIS","isPartOf":{"@id":"https:\/\/alieshope.com\/#website"},"primaryImageOfPage":{"@id":"https:\/\/alieshope.com\/index.php\/produit\/lot-de-50pcs-100pcs-voile-de-tulle-rond-organza-paillete-sachet-bonbons-pochette-dragees-bijoux-perle-cadeau-faveur-invites-decoration-mariage-bapteme-fete-dia-26cm-multicolore\/#primaryimage"},"image":{"@id":"https:\/\/alieshope.com\/index.php\/produit\/lot-de-50pcs-100pcs-voile-de-tulle-rond-organza-paillete-sachet-bonbons-pochette-dragees-bijoux-perle-cadeau-faveur-invites-decoration-mariage-bapteme-fete-dia-26cm-multicolore\/#primaryimage"},"thumbnailUrl":"https:\/\/i0.wp.com\/alieshope.com\/wp-content\/uploads\/2020\/09\/51t1qfEF0VL._AC_SL1000_.jpg?fit=876%2C708&ssl=1","datePublished":"2020-09-10T17:14:58+00:00","dateModified":"2024-03-23T02:31:42+00:00","description":"Lot de 50pcs\/100pcs Voile de Tulle Rond Organza Paillet\u00e9 Sachet Bonbons Pochette Drag\u00e9es Bijoux Perle Cadeau Faveur Invit\u00e9s D\u00e9coration Mariage Bapt\u00eame F\u00eate (Dia 26cm, multicolore) pas cher","breadcrumb":{"@id":"https:\/\/alieshope.com\/index.php\/produit\/lot-de-50pcs-100pcs-voile-de-tulle-rond-organza-paillete-sachet-bonbons-pochette-dragees-bijoux-perle-cadeau-faveur-invites-decoration-mariage-bapteme-fete-dia-26cm-multicolore\/#breadcrumb"},"inLanguage":"en-US","potentialAction":[{"@type":"ReadAction","target":["https:\/\/alieshope.com\/index.php\/produit\/lot-de-50pcs-100pcs-voile-de-tulle-rond-organza-paillete-sachet-bonbons-pochette-dragees-bijoux-perle-cadeau-faveur-invites-decoration-mariage-bapteme-fete-dia-26cm-multicolore\/"]}]},{"@type":"ImageObject","inLanguage":"en-US","@id":"https:\/\/alieshope.com\/index.php\/produit\/lot-de-50pcs-100pcs-voile-de-tulle-rond-organza-paillete-sachet-bonbons-pochette-dragees-bijoux-perle-cadeau-faveur-invites-decoration-mariage-bapteme-fete-dia-26cm-multicolore\/#primaryimage","url":"https:\/\/i0.wp.com\/alieshope.com\/wp-content\/uploads\/2020\/09\/51t1qfEF0VL._AC_SL1000_.jpg?fit=876%2C708&ssl=1","contentUrl":"https:\/\/i0.wp.com\/alieshope.com\/wp-content\/uploads\/2020\/09\/51t1qfEF0VL._AC_SL1000_.jpg?fit=876%2C708&ssl=1","width":876,"height":708,"caption":"Lot de 50pcs\/100pcs Voile de Tulle Rond Organza Paillet\u00e9 Sachet Bonbons Pochette Drag\u00e9es Bijoux Perle Cadeau Faveur Invit\u00e9s D\u00e9coration Mariage Bapt\u00eame F\u00eate (Dia 26cm, multicolore)"},{"@type":"BreadcrumbList","@id":"https:\/\/alieshope.com\/index.php\/produit\/lot-de-50pcs-100pcs-voile-de-tulle-rond-organza-paillete-sachet-bonbons-pochette-dragees-bijoux-perle-cadeau-faveur-invites-decoration-mariage-bapteme-fete-dia-26cm-multicolore\/#breadcrumb","itemListElement":[{"@type":"ListItem","position":1,"name":"Accueil","item":"https:\/\/alieshope.com\/"},{"@type":"ListItem","position":2,"name":"Boutique","item":"https:\/\/alieshope.com\/index.php\/boutique\/"},{"@type":"ListItem","position":3,"name":"Lot de 50pcs\/100pcs Voile de Tulle Rond Organza Paillet\u00e9 Sachet Bonbons Pochette Drag\u00e9es Bijoux Perle Cadeau Faveur Invit\u00e9s D\u00e9coration Mariage Bapt\u00eame F\u00eate (Dia 26cm, multicolore)"}]},{"@type":"WebSite","@id":"https:\/\/alieshope.com\/#website","url":"https:\/\/alieshope.com\/","name":"NEGAFA ZIANA PARIS","description":"NEGAFA PARISIENNE ","publisher":{"@id":"https:\/\/alieshope.com\/#organization"},"potentialAction":[{"@type":"SearchAction","target":{"@type":"EntryPoint","urlTemplate":"https:\/\/alieshope.com\/?s={search_term_string}"},"query-input":{"@type":"PropertyValueSpecification","valueRequired":true,"valueName":"search_term_string"}}],"inLanguage":"en-US"},{"@type":"Organization","@id":"https:\/\/alieshope.com\/#organization","name":"negafa","url":"https:\/\/alieshope.com\/","logo":{"@type":"ImageObject","inLanguage":"en-US","@id":"https:\/\/alieshope.com\/#\/schema\/logo\/image\/","url":"https:\/\/i0.wp.com\/alieshope.com\/wp-content\/uploads\/2020\/09\/cropped-Cercle-Vert-Environnement-Logo-2.png?fit=500%2C343","contentUrl":"https:\/\/i0.wp.com\/alieshope.com\/wp-content\/uploads\/2020\/09\/cropped-Cercle-Vert-Environnement-Logo-2.png?fit=500%2C343","width":500,"height":343,"caption":"negafa"},"image":{"@id":"https:\/\/alieshope.com\/#\/schema\/logo\/image\/"}}]}},"jetpack_sharing_enabled":true,"_links":{"self":[{"href":"https:\/\/alieshope.com\/index.php\/wp-json\/wp\/v2\/product\/133"}],"collection":[{"href":"https:\/\/alieshope.com\/index.php\/wp-json\/wp\/v2\/product"}],"about":[{"href":"https:\/\/alieshope.com\/index.php\/wp-json\/wp\/v2\/types\/product"}],"replies":[{"embeddable":true,"href":"https:\/\/alieshope.com\/index.php\/wp-json\/wp\/v2\/comments?post=133"}],"wp:featuredmedia":[{"embeddable":true,"href":"https:\/\/alieshope.com\/index.php\/wp-json\/wp\/v2\/media\/134"}],"wp:attachment":[{"href":"https:\/\/alieshope.com\/index.php\/wp-json\/wp\/v2\/media?parent=133"}],"wp:term":[{"taxonomy":"product_cat","embeddable":true,"href":"https:\/\/alieshope.com\/index.php\/wp-json\/wp\/v2\/product_cat?post=133"},{"taxonomy":"product_tag","embeddable":true,"href":"https:\/\/alieshope.com\/index.php\/wp-json\/wp\/v2\/product_tag?post=133"}],"curies":[{"name":"wp","href":"https:\/\/api.w.org\/{rel}","templated":true}]}}