{"id":128,"date":"2020-09-10T19:04:08","date_gmt":"2020-09-10T17:04:08","guid":{"rendered":"http:\/\/alieshope.com\/?post_type=product&#038;p=128"},"modified":"2024-10-24T19:04:00","modified_gmt":"2024-10-24T17:04:00","slug":"ibluelover-voile-mariee-a-double-couche-voile-de-mariage-dentelle-avec-cheveux-peigne-blanc-nuptiale-coiffure-accessoires-de-mariage-princesse-tulle-cathedrale-ceremonie-photographe","status":"publish","type":"product","link":"https:\/\/alieshope.com\/index.php\/produit\/ibluelover-voile-mariee-a-double-couche-voile-de-mariage-dentelle-avec-cheveux-peigne-blanc-nuptiale-coiffure-accessoires-de-mariage-princesse-tulle-cathedrale-ceremonie-photographe\/","title":{"rendered":"IBLUELOVER Voile Mari\u00e9e \u00e0 Double Couche Voile de Mariage Dentelle avec Cheveux Peigne Blanc Nuptiale Coiffure Accessoires de Mariage Princesse Tulle Cath\u00e9drale C\u00e9r\u00e9monie Photographe"},"content":{"rendered":"<h1 id=\"title\" class=\"a-size-large a-spacing-none\"><span id=\"productTitle\" class=\"a-size-large product-title-word-break\">IBLUELOVER Voile Mari\u00e9e \u00e0 Double Couche Voile de Mariage Dentelle avec Cheveux Peigne Blanc Nuptiale Coiffure Accessoires de Mariage Princesse Tulle Cath\u00e9drale C\u00e9r\u00e9monie Photographe<\/span><\/h1>\n","protected":false},"excerpt":{"rendered":"<ul class=\"a-unordered-list a-vertical a-spacing-mini\">\n<li><span class=\"a-list-item\">Tulle doux \u00e0 double couche, la premi\u00e8re couche mesure 23.6inch(60CM)de long,assez pour couvrir le visage.La deuxi\u00e8me couche mesure 31.5inch(80CM)de long,cette longueur est convenable robe longue mais aussi jupe courte.Tr\u00e8s l\u00e9ger, avec peigne \u00e0 cheveux, facile \u00e0 porter et \u00e0 enlever.<\/span><\/li>\n<li><span class=\"a-list-item\">Style simple et g\u00e9n\u00e9reux, laissez-vous \u00eatre plus \u00e9l\u00e9gant et beau, la couleur blanche, repr\u00e9sentant un amour \u00e9ternel plus pur et simple, avec votre mari\u00e9 bien-aim\u00e9, vous devez \u00eatre la plus belle mari\u00e9e dans le monde!<\/span><\/li>\n<li><span class=\"a-list-item\">C&#8217;est l&#8217;accessoire de mariage parfait, l&#8217;engagement, la douche nuptiale, la nuit de fille, le mariage d&#8217;\u00e9glise, la grande gala, la partie de nuit, vous \u00eates le plus heureux. Le voile peut \u00e9galement \u00eatre utilis\u00e9 comme accessoire pour diverses c\u00e9l\u00e9brations et la photographie.<\/span><\/li>\n<\/ul>\n","protected":false},"featured_media":129,"comment_status":"open","ping_status":"closed","template":"","meta":{"jetpack_publicize_message":"","jetpack_publicize_feature_enabled":true,"jetpack_social_post_already_shared":false,"jetpack_social_options":{"image_generator_settings":{"template":"highway","enabled":false},"version":2}},"product_cat":[28],"product_tag":[],"jetpack_publicize_connections":[],"yoast_head":"<!-- This site is optimized with the Yoast SEO plugin v23.5 - https:\/\/yoast.com\/wordpress\/plugins\/seo\/ -->\n<title>IBLUELOVER Voile Mari\u00e9e \u00e0 Double Couche Voile de Mariage Dentelle avec Cheveux Peigne Blanc Nuptiale Coiffure Accessoires de Mariage Princesse Tulle Cath\u00e9drale C\u00e9r\u00e9monie Photographe - NEGAFA ZIANA PARIS<\/title>\n<meta name=\"description\" content=\"IBLUELOVER Voile Mari\u00e9e \u00e0 Double Couche Voile de Mariage Dentelle avec Cheveux Peigne Blanc Nuptiale Coiffure Accessoires de Mariage Princesse Tulle Cath\u00e9drale C\u00e9r\u00e9monie Photographe\" \/>\n<meta name=\"robots\" content=\"index, follow, max-snippet:-1, max-image-preview:large, max-video-preview:-1\" \/>\n<link rel=\"canonical\" href=\"http:\/\/alieshope.com\/index.php\/produit\/ibluelover-voile-mariee-a-double-couche-voile-de-mariage-dentelle-avec-cheveux-peigne-blanc-nuptiale-coiffure-accessoires-de-mariage-princesse-tulle-cathedrale-ceremonie-photographe\/\" \/>\n<meta property=\"og:locale\" content=\"en_US\" \/>\n<meta property=\"og:type\" content=\"article\" \/>\n<meta property=\"og:title\" content=\"IBLUELOVER Voile Mari\u00e9e \u00e0 Double Couche Voile de Mariage Dentelle avec Cheveux Peigne Blanc Nuptiale Coiffure Accessoires de Mariage Princesse Tulle Cath\u00e9drale C\u00e9r\u00e9monie Photographe - NEGAFA ZIANA PARIS\" \/>\n<meta property=\"og:description\" content=\"IBLUELOVER Voile Mari\u00e9e \u00e0 Double Couche Voile de Mariage Dentelle avec Cheveux Peigne Blanc Nuptiale Coiffure Accessoires de Mariage Princesse Tulle Cath\u00e9drale C\u00e9r\u00e9monie Photographe\" \/>\n<meta property=\"og:url\" content=\"http:\/\/alieshope.com\/index.php\/produit\/ibluelover-voile-mariee-a-double-couche-voile-de-mariage-dentelle-avec-cheveux-peigne-blanc-nuptiale-coiffure-accessoires-de-mariage-princesse-tulle-cathedrale-ceremonie-photographe\/\" \/>\n<meta property=\"og:site_name\" content=\"NEGAFA ZIANA PARIS\" \/>\n<meta property=\"article:modified_time\" content=\"2024-10-24T17:04:00+00:00\" \/>\n<meta property=\"og:image\" content=\"https:\/\/i0.wp.com\/alieshope.com\/wp-content\/uploads\/2020\/09\/51IN-LZ2PkL._AC_UX679_.jpg?fit=679%2C894\" \/>\n\t<meta property=\"og:image:width\" content=\"679\" \/>\n\t<meta property=\"og:image:height\" content=\"894\" \/>\n\t<meta property=\"og:image:type\" content=\"image\/jpeg\" \/>\n<meta name=\"twitter:card\" content=\"summary_large_image\" \/>\n<script type=\"application\/ld+json\" class=\"yoast-schema-graph\">{\"@context\":\"https:\/\/schema.org\",\"@graph\":[{\"@type\":\"WebPage\",\"@id\":\"http:\/\/alieshope.com\/index.php\/produit\/ibluelover-voile-mariee-a-double-couche-voile-de-mariage-dentelle-avec-cheveux-peigne-blanc-nuptiale-coiffure-accessoires-de-mariage-princesse-tulle-cathedrale-ceremonie-photographe\/\",\"url\":\"http:\/\/alieshope.com\/index.php\/produit\/ibluelover-voile-mariee-a-double-couche-voile-de-mariage-dentelle-avec-cheveux-peigne-blanc-nuptiale-coiffure-accessoires-de-mariage-princesse-tulle-cathedrale-ceremonie-photographe\/\",\"name\":\"IBLUELOVER Voile Mari\u00e9e \u00e0 Double Couche Voile de Mariage Dentelle avec Cheveux Peigne Blanc Nuptiale Coiffure Accessoires de Mariage Princesse Tulle Cath\u00e9drale C\u00e9r\u00e9monie Photographe - NEGAFA ZIANA PARIS\",\"isPartOf\":{\"@id\":\"https:\/\/alieshope.com\/#website\"},\"primaryImageOfPage\":{\"@id\":\"http:\/\/alieshope.com\/index.php\/produit\/ibluelover-voile-mariee-a-double-couche-voile-de-mariage-dentelle-avec-cheveux-peigne-blanc-nuptiale-coiffure-accessoires-de-mariage-princesse-tulle-cathedrale-ceremonie-photographe\/#primaryimage\"},\"image\":{\"@id\":\"http:\/\/alieshope.com\/index.php\/produit\/ibluelover-voile-mariee-a-double-couche-voile-de-mariage-dentelle-avec-cheveux-peigne-blanc-nuptiale-coiffure-accessoires-de-mariage-princesse-tulle-cathedrale-ceremonie-photographe\/#primaryimage\"},\"thumbnailUrl\":\"https:\/\/i0.wp.com\/alieshope.com\/wp-content\/uploads\/2020\/09\/51IN-LZ2PkL._AC_UX679_.jpg?fit=679%2C894&ssl=1\",\"datePublished\":\"2020-09-10T17:04:08+00:00\",\"dateModified\":\"2024-10-24T17:04:00+00:00\",\"description\":\"IBLUELOVER Voile Mari\u00e9e \u00e0 Double Couche Voile de Mariage Dentelle avec Cheveux Peigne Blanc Nuptiale Coiffure Accessoires de Mariage Princesse Tulle Cath\u00e9drale C\u00e9r\u00e9monie Photographe\",\"breadcrumb\":{\"@id\":\"http:\/\/alieshope.com\/index.php\/produit\/ibluelover-voile-mariee-a-double-couche-voile-de-mariage-dentelle-avec-cheveux-peigne-blanc-nuptiale-coiffure-accessoires-de-mariage-princesse-tulle-cathedrale-ceremonie-photographe\/#breadcrumb\"},\"inLanguage\":\"en-US\",\"potentialAction\":[{\"@type\":\"ReadAction\",\"target\":[\"http:\/\/alieshope.com\/index.php\/produit\/ibluelover-voile-mariee-a-double-couche-voile-de-mariage-dentelle-avec-cheveux-peigne-blanc-nuptiale-coiffure-accessoires-de-mariage-princesse-tulle-cathedrale-ceremonie-photographe\/\"]}]},{\"@type\":\"ImageObject\",\"inLanguage\":\"en-US\",\"@id\":\"http:\/\/alieshope.com\/index.php\/produit\/ibluelover-voile-mariee-a-double-couche-voile-de-mariage-dentelle-avec-cheveux-peigne-blanc-nuptiale-coiffure-accessoires-de-mariage-princesse-tulle-cathedrale-ceremonie-photographe\/#primaryimage\",\"url\":\"https:\/\/i0.wp.com\/alieshope.com\/wp-content\/uploads\/2020\/09\/51IN-LZ2PkL._AC_UX679_.jpg?fit=679%2C894&ssl=1\",\"contentUrl\":\"https:\/\/i0.wp.com\/alieshope.com\/wp-content\/uploads\/2020\/09\/51IN-LZ2PkL._AC_UX679_.jpg?fit=679%2C894&ssl=1\",\"width\":679,\"height\":894,\"caption\":\"IBLUELOVER Voile Mari\u00e9e \u00e0 Double Couche Voile de Mariage Dentelle avec Cheveux Peigne Blanc Nuptiale Coiffure Accessoires de Mariage Princesse Tulle Cath\u00e9drale C\u00e9r\u00e9monie Photographe\"},{\"@type\":\"BreadcrumbList\",\"@id\":\"http:\/\/alieshope.com\/index.php\/produit\/ibluelover-voile-mariee-a-double-couche-voile-de-mariage-dentelle-avec-cheveux-peigne-blanc-nuptiale-coiffure-accessoires-de-mariage-princesse-tulle-cathedrale-ceremonie-photographe\/#breadcrumb\",\"itemListElement\":[{\"@type\":\"ListItem\",\"position\":1,\"name\":\"Accueil\",\"item\":\"https:\/\/alieshope.com\/\"},{\"@type\":\"ListItem\",\"position\":2,\"name\":\"Boutique\",\"item\":\"https:\/\/alieshope.com\/index.php\/boutique\/\"},{\"@type\":\"ListItem\",\"position\":3,\"name\":\"IBLUELOVER Voile Mari\u00e9e \u00e0 Double Couche Voile de Mariage Dentelle avec Cheveux Peigne Blanc Nuptiale Coiffure Accessoires de Mariage Princesse Tulle Cath\u00e9drale C\u00e9r\u00e9monie Photographe\"}]},{\"@type\":\"WebSite\",\"@id\":\"https:\/\/alieshope.com\/#website\",\"url\":\"https:\/\/alieshope.com\/\",\"name\":\"NEGAFA ZIANA PARIS\",\"description\":\"NEGAFA PARISIENNE \",\"publisher\":{\"@id\":\"https:\/\/alieshope.com\/#organization\"},\"potentialAction\":[{\"@type\":\"SearchAction\",\"target\":{\"@type\":\"EntryPoint\",\"urlTemplate\":\"https:\/\/alieshope.com\/?s={search_term_string}\"},\"query-input\":{\"@type\":\"PropertyValueSpecification\",\"valueRequired\":true,\"valueName\":\"search_term_string\"}}],\"inLanguage\":\"en-US\"},{\"@type\":\"Organization\",\"@id\":\"https:\/\/alieshope.com\/#organization\",\"name\":\"negafa\",\"url\":\"https:\/\/alieshope.com\/\",\"logo\":{\"@type\":\"ImageObject\",\"inLanguage\":\"en-US\",\"@id\":\"https:\/\/alieshope.com\/#\/schema\/logo\/image\/\",\"url\":\"https:\/\/i0.wp.com\/alieshope.com\/wp-content\/uploads\/2020\/09\/cropped-Cercle-Vert-Environnement-Logo-2.png?fit=500%2C343\",\"contentUrl\":\"https:\/\/i0.wp.com\/alieshope.com\/wp-content\/uploads\/2020\/09\/cropped-Cercle-Vert-Environnement-Logo-2.png?fit=500%2C343\",\"width\":500,\"height\":343,\"caption\":\"negafa\"},\"image\":{\"@id\":\"https:\/\/alieshope.com\/#\/schema\/logo\/image\/\"}}]}<\/script>\n<!-- \/ Yoast SEO plugin. -->","yoast_head_json":{"title":"IBLUELOVER Voile Mari\u00e9e \u00e0 Double Couche Voile de Mariage Dentelle avec Cheveux Peigne Blanc Nuptiale Coiffure Accessoires de Mariage Princesse Tulle Cath\u00e9drale C\u00e9r\u00e9monie Photographe - NEGAFA ZIANA PARIS","description":"IBLUELOVER Voile Mari\u00e9e \u00e0 Double Couche Voile de Mariage Dentelle avec Cheveux Peigne Blanc Nuptiale Coiffure Accessoires de Mariage Princesse Tulle Cath\u00e9drale C\u00e9r\u00e9monie Photographe","robots":{"index":"index","follow":"follow","max-snippet":"max-snippet:-1","max-image-preview":"max-image-preview:large","max-video-preview":"max-video-preview:-1"},"canonical":"http:\/\/alieshope.com\/index.php\/produit\/ibluelover-voile-mariee-a-double-couche-voile-de-mariage-dentelle-avec-cheveux-peigne-blanc-nuptiale-coiffure-accessoires-de-mariage-princesse-tulle-cathedrale-ceremonie-photographe\/","og_locale":"en_US","og_type":"article","og_title":"IBLUELOVER Voile Mari\u00e9e \u00e0 Double Couche Voile de Mariage Dentelle avec Cheveux Peigne Blanc Nuptiale Coiffure Accessoires de Mariage Princesse Tulle Cath\u00e9drale C\u00e9r\u00e9monie Photographe - NEGAFA ZIANA PARIS","og_description":"IBLUELOVER Voile Mari\u00e9e \u00e0 Double Couche Voile de Mariage Dentelle avec Cheveux Peigne Blanc Nuptiale Coiffure Accessoires de Mariage Princesse Tulle Cath\u00e9drale C\u00e9r\u00e9monie Photographe","og_url":"http:\/\/alieshope.com\/index.php\/produit\/ibluelover-voile-mariee-a-double-couche-voile-de-mariage-dentelle-avec-cheveux-peigne-blanc-nuptiale-coiffure-accessoires-de-mariage-princesse-tulle-cathedrale-ceremonie-photographe\/","og_site_name":"NEGAFA ZIANA PARIS","article_modified_time":"2024-10-24T17:04:00+00:00","og_image":[{"width":679,"height":894,"url":"https:\/\/i0.wp.com\/alieshope.com\/wp-content\/uploads\/2020\/09\/51IN-LZ2PkL._AC_UX679_.jpg?fit=679%2C894","type":"image\/jpeg"}],"twitter_card":"summary_large_image","schema":{"@context":"https:\/\/schema.org","@graph":[{"@type":"WebPage","@id":"http:\/\/alieshope.com\/index.php\/produit\/ibluelover-voile-mariee-a-double-couche-voile-de-mariage-dentelle-avec-cheveux-peigne-blanc-nuptiale-coiffure-accessoires-de-mariage-princesse-tulle-cathedrale-ceremonie-photographe\/","url":"http:\/\/alieshope.com\/index.php\/produit\/ibluelover-voile-mariee-a-double-couche-voile-de-mariage-dentelle-avec-cheveux-peigne-blanc-nuptiale-coiffure-accessoires-de-mariage-princesse-tulle-cathedrale-ceremonie-photographe\/","name":"IBLUELOVER Voile Mari\u00e9e \u00e0 Double Couche Voile de Mariage Dentelle avec Cheveux Peigne Blanc Nuptiale Coiffure Accessoires de Mariage Princesse Tulle Cath\u00e9drale C\u00e9r\u00e9monie Photographe - NEGAFA ZIANA PARIS","isPartOf":{"@id":"https:\/\/alieshope.com\/#website"},"primaryImageOfPage":{"@id":"http:\/\/alieshope.com\/index.php\/produit\/ibluelover-voile-mariee-a-double-couche-voile-de-mariage-dentelle-avec-cheveux-peigne-blanc-nuptiale-coiffure-accessoires-de-mariage-princesse-tulle-cathedrale-ceremonie-photographe\/#primaryimage"},"image":{"@id":"http:\/\/alieshope.com\/index.php\/produit\/ibluelover-voile-mariee-a-double-couche-voile-de-mariage-dentelle-avec-cheveux-peigne-blanc-nuptiale-coiffure-accessoires-de-mariage-princesse-tulle-cathedrale-ceremonie-photographe\/#primaryimage"},"thumbnailUrl":"https:\/\/i0.wp.com\/alieshope.com\/wp-content\/uploads\/2020\/09\/51IN-LZ2PkL._AC_UX679_.jpg?fit=679%2C894&ssl=1","datePublished":"2020-09-10T17:04:08+00:00","dateModified":"2024-10-24T17:04:00+00:00","description":"IBLUELOVER Voile Mari\u00e9e \u00e0 Double Couche Voile de Mariage Dentelle avec Cheveux Peigne Blanc Nuptiale Coiffure Accessoires de Mariage Princesse Tulle Cath\u00e9drale C\u00e9r\u00e9monie Photographe","breadcrumb":{"@id":"http:\/\/alieshope.com\/index.php\/produit\/ibluelover-voile-mariee-a-double-couche-voile-de-mariage-dentelle-avec-cheveux-peigne-blanc-nuptiale-coiffure-accessoires-de-mariage-princesse-tulle-cathedrale-ceremonie-photographe\/#breadcrumb"},"inLanguage":"en-US","potentialAction":[{"@type":"ReadAction","target":["http:\/\/alieshope.com\/index.php\/produit\/ibluelover-voile-mariee-a-double-couche-voile-de-mariage-dentelle-avec-cheveux-peigne-blanc-nuptiale-coiffure-accessoires-de-mariage-princesse-tulle-cathedrale-ceremonie-photographe\/"]}]},{"@type":"ImageObject","inLanguage":"en-US","@id":"http:\/\/alieshope.com\/index.php\/produit\/ibluelover-voile-mariee-a-double-couche-voile-de-mariage-dentelle-avec-cheveux-peigne-blanc-nuptiale-coiffure-accessoires-de-mariage-princesse-tulle-cathedrale-ceremonie-photographe\/#primaryimage","url":"https:\/\/i0.wp.com\/alieshope.com\/wp-content\/uploads\/2020\/09\/51IN-LZ2PkL._AC_UX679_.jpg?fit=679%2C894&ssl=1","contentUrl":"https:\/\/i0.wp.com\/alieshope.com\/wp-content\/uploads\/2020\/09\/51IN-LZ2PkL._AC_UX679_.jpg?fit=679%2C894&ssl=1","width":679,"height":894,"caption":"IBLUELOVER Voile Mari\u00e9e \u00e0 Double Couche Voile de Mariage Dentelle avec Cheveux Peigne Blanc Nuptiale Coiffure Accessoires de Mariage Princesse Tulle Cath\u00e9drale C\u00e9r\u00e9monie Photographe"},{"@type":"BreadcrumbList","@id":"http:\/\/alieshope.com\/index.php\/produit\/ibluelover-voile-mariee-a-double-couche-voile-de-mariage-dentelle-avec-cheveux-peigne-blanc-nuptiale-coiffure-accessoires-de-mariage-princesse-tulle-cathedrale-ceremonie-photographe\/#breadcrumb","itemListElement":[{"@type":"ListItem","position":1,"name":"Accueil","item":"https:\/\/alieshope.com\/"},{"@type":"ListItem","position":2,"name":"Boutique","item":"https:\/\/alieshope.com\/index.php\/boutique\/"},{"@type":"ListItem","position":3,"name":"IBLUELOVER Voile Mari\u00e9e \u00e0 Double Couche Voile de Mariage Dentelle avec Cheveux Peigne Blanc Nuptiale Coiffure Accessoires de Mariage Princesse Tulle Cath\u00e9drale C\u00e9r\u00e9monie Photographe"}]},{"@type":"WebSite","@id":"https:\/\/alieshope.com\/#website","url":"https:\/\/alieshope.com\/","name":"NEGAFA ZIANA PARIS","description":"NEGAFA PARISIENNE ","publisher":{"@id":"https:\/\/alieshope.com\/#organization"},"potentialAction":[{"@type":"SearchAction","target":{"@type":"EntryPoint","urlTemplate":"https:\/\/alieshope.com\/?s={search_term_string}"},"query-input":{"@type":"PropertyValueSpecification","valueRequired":true,"valueName":"search_term_string"}}],"inLanguage":"en-US"},{"@type":"Organization","@id":"https:\/\/alieshope.com\/#organization","name":"negafa","url":"https:\/\/alieshope.com\/","logo":{"@type":"ImageObject","inLanguage":"en-US","@id":"https:\/\/alieshope.com\/#\/schema\/logo\/image\/","url":"https:\/\/i0.wp.com\/alieshope.com\/wp-content\/uploads\/2020\/09\/cropped-Cercle-Vert-Environnement-Logo-2.png?fit=500%2C343","contentUrl":"https:\/\/i0.wp.com\/alieshope.com\/wp-content\/uploads\/2020\/09\/cropped-Cercle-Vert-Environnement-Logo-2.png?fit=500%2C343","width":500,"height":343,"caption":"negafa"},"image":{"@id":"https:\/\/alieshope.com\/#\/schema\/logo\/image\/"}}]}},"jetpack_sharing_enabled":true,"_links":{"self":[{"href":"https:\/\/alieshope.com\/index.php\/wp-json\/wp\/v2\/product\/128"}],"collection":[{"href":"https:\/\/alieshope.com\/index.php\/wp-json\/wp\/v2\/product"}],"about":[{"href":"https:\/\/alieshope.com\/index.php\/wp-json\/wp\/v2\/types\/product"}],"replies":[{"embeddable":true,"href":"https:\/\/alieshope.com\/index.php\/wp-json\/wp\/v2\/comments?post=128"}],"wp:featuredmedia":[{"embeddable":true,"href":"https:\/\/alieshope.com\/index.php\/wp-json\/wp\/v2\/media\/129"}],"wp:attachment":[{"href":"https:\/\/alieshope.com\/index.php\/wp-json\/wp\/v2\/media?parent=128"}],"wp:term":[{"taxonomy":"product_cat","embeddable":true,"href":"https:\/\/alieshope.com\/index.php\/wp-json\/wp\/v2\/product_cat?post=128"},{"taxonomy":"product_tag","embeddable":true,"href":"https:\/\/alieshope.com\/index.php\/wp-json\/wp\/v2\/product_tag?post=128"}],"curies":[{"name":"wp","href":"https:\/\/api.w.org\/{rel}","templated":true}]}}