{"id":68,"date":"2020-09-07T11:53:02","date_gmt":"2020-09-07T09:53:02","guid":{"rendered":"http:\/\/alieshope.com\/?page_id=68"},"modified":"2020-09-07T12:22:26","modified_gmt":"2020-09-07T10:22:26","slug":"negafa-paris-ile-de-france","status":"publish","type":"page","link":"https:\/\/alieshope.com\/index.php\/negafa-paris-ile-de-france\/","title":{"rendered":"NEGAFA DE PARIS  ILE DE FRANCE ET LA REGION PARISIENNE"},"content":{"rendered":"\n<p>Cr\u00e9atrice dans l&#8217;\u00e2me et <a href=\"http:\/\/alieshope.com\/index.php\/2020\/09\/07\/negafa-ile-de-france\/\">p<strong>assionn\u00e9e<\/strong><\/a>\u00a0de mode et de haute couture, Negafa ZIANA Paris ,\u00a0poss\u00e8de une large collection de robe haut de gamme digne de haute couture riche en couleur en broderie et en diamant\u00a0swarovski.<\/p>\n\n\n\n<p>Ma&nbsp;cr\u00e9ativit\u00e9&nbsp;me&nbsp;permet&nbsp;de&nbsp;vous&nbsp;proposez&nbsp;une&nbsp;collection&nbsp;tr\u00e8s&nbsp;originale&nbsp;et&nbsp;moderne, compos\u00e9 de&nbsp;caftan et&nbsp;takchita marocain,&nbsp;karakou, robe kabyle et saree&nbsp;indien en prestation negafa afin de vous accompagner tout au long de votre jour J.<\/p>\n\n\n\n<p>La collection est renouvel\u00e9e continuellement et chaque ann\u00e9e,&nbsp;chaque mod\u00e8le est unique et dessin\u00e9 par mes soins.<\/p>\n\n\n\n<p>Negafa de Paris est \u00e0 la fois&nbsp;une negafa Marocaine et une negafa Alg\u00e9rienne. J&#8217;ai&nbsp;r\u00e9uni&nbsp;ces deux beaux pays&nbsp;afin de vous offrir les plus belles robes orientales modernes et raffin\u00e9es.<\/p>\n\n\n\n<p>Passionn\u00e9e par mon travail, je mettrais&nbsp;ma passion et mon professionnalisme qui dure tant d&#8217;ann\u00e9es&nbsp;en oeuvre pour l&#8217;un&nbsp;des plus beaux jours de votre vie.<\/p>\n\n\n\n<p>\u200b<\/p>\n\n\n\n<p>Laissez-vous guider futur Princesse&#8230;<\/p>\n\n\n\n<p>\u200b<\/p>\n","protected":false},"excerpt":{"rendered":"<p>Cr\u00e9atrice dans l&#8217;\u00e2me et passionn\u00e9e\u00a0de mode et de haute couture, Negafa ZIANA Paris ,\u00a0poss\u00e8de une large collection de robe haut de gamme digne de haute couture riche en couleur en broderie et en diamant\u00a0swarovski. Ma&nbsp;cr\u00e9ativit\u00e9&nbsp;me&nbsp;permet&nbsp;de&nbsp;vous&nbsp;proposez&nbsp;une&nbsp;collection&nbsp;tr\u00e8s&nbsp;originale&nbsp;et&nbsp;moderne, compos\u00e9 de&nbsp;caftan et&nbsp;takchita marocain,&nbsp;karakou, robe kabyle et saree&nbsp;indien en prestation negafa afin de vous accompagner tout au long de votre [&hellip;]<\/p>\n","protected":false},"author":1,"featured_media":0,"parent":0,"menu_order":0,"comment_status":"closed","ping_status":"closed","template":"","meta":{"footnotes":""},"yoast_head":"<!-- This site is optimized with the Yoast SEO plugin v23.5 - https:\/\/yoast.com\/wordpress\/plugins\/seo\/ -->\n<title>NEGAFA DE PARIS ILE DE FRANCE ET LA REGION PARISIENNE - NEGAFA ZIANA PARIS<\/title>\n<meta name=\"description\" content=\"CONTACTER VOTRE NEGAFA ZIANA PARIS POUR AVOIR PLUS D UN INFORMATION SUR LES PRESTATIONS ET LES SERVICES QUE ELLE PROPOSES\" \/>\n<meta name=\"robots\" content=\"index, follow, max-snippet:-1, max-image-preview:large, max-video-preview:-1\" \/>\n<link rel=\"canonical\" href=\"https:\/\/alieshope.com\/index.php\/negafa-paris-ile-de-france\/\" \/>\n<meta property=\"og:locale\" content=\"en_US\" \/>\n<meta property=\"og:type\" content=\"article\" \/>\n<meta property=\"og:title\" content=\"NEGAFA DE PARIS ILE DE FRANCE ET LA REGION PARISIENNE - NEGAFA ZIANA PARIS\" \/>\n<meta property=\"og:description\" content=\"CONTACTER VOTRE NEGAFA ZIANA PARIS POUR AVOIR PLUS D UN INFORMATION SUR LES PRESTATIONS ET LES SERVICES QUE ELLE PROPOSES\" \/>\n<meta property=\"og:url\" content=\"https:\/\/alieshope.com\/index.php\/negafa-paris-ile-de-france\/\" \/>\n<meta property=\"og:site_name\" content=\"NEGAFA ZIANA PARIS\" \/>\n<meta property=\"article:modified_time\" content=\"2020-09-07T10:22:26+00:00\" \/>\n<meta name=\"twitter:card\" content=\"summary_large_image\" \/>\n<meta name=\"twitter:label1\" content=\"Est. reading time\" \/>\n\t<meta name=\"twitter:data1\" content=\"1 minute\" \/>\n<script type=\"application\/ld+json\" class=\"yoast-schema-graph\">{\"@context\":\"https:\/\/schema.org\",\"@graph\":[{\"@type\":\"WebPage\",\"@id\":\"https:\/\/alieshope.com\/index.php\/negafa-paris-ile-de-france\/\",\"url\":\"https:\/\/alieshope.com\/index.php\/negafa-paris-ile-de-france\/\",\"name\":\"NEGAFA DE PARIS ILE DE FRANCE ET LA REGION PARISIENNE - NEGAFA ZIANA PARIS\",\"isPartOf\":{\"@id\":\"https:\/\/alieshope.com\/#website\"},\"datePublished\":\"2020-09-07T09:53:02+00:00\",\"dateModified\":\"2020-09-07T10:22:26+00:00\",\"description\":\"CONTACTER VOTRE NEGAFA ZIANA PARIS POUR AVOIR PLUS D UN INFORMATION SUR LES PRESTATIONS ET LES SERVICES QUE ELLE PROPOSES\",\"breadcrumb\":{\"@id\":\"https:\/\/alieshope.com\/index.php\/negafa-paris-ile-de-france\/#breadcrumb\"},\"inLanguage\":\"en-US\",\"potentialAction\":[{\"@type\":\"ReadAction\",\"target\":[\"https:\/\/alieshope.com\/index.php\/negafa-paris-ile-de-france\/\"]}]},{\"@type\":\"BreadcrumbList\",\"@id\":\"https:\/\/alieshope.com\/index.php\/negafa-paris-ile-de-france\/#breadcrumb\",\"itemListElement\":[{\"@type\":\"ListItem\",\"position\":1,\"name\":\"Accueil\",\"item\":\"https:\/\/alieshope.com\/\"},{\"@type\":\"ListItem\",\"position\":2,\"name\":\"NEGAFA DE PARIS ILE DE FRANCE ET LA REGION PARISIENNE\"}]},{\"@type\":\"WebSite\",\"@id\":\"https:\/\/alieshope.com\/#website\",\"url\":\"https:\/\/alieshope.com\/\",\"name\":\"NEGAFA ZIANA PARIS\",\"description\":\"NEGAFA PARISIENNE \",\"publisher\":{\"@id\":\"https:\/\/alieshope.com\/#organization\"},\"potentialAction\":[{\"@type\":\"SearchAction\",\"target\":{\"@type\":\"EntryPoint\",\"urlTemplate\":\"https:\/\/alieshope.com\/?s={search_term_string}\"},\"query-input\":{\"@type\":\"PropertyValueSpecification\",\"valueRequired\":true,\"valueName\":\"search_term_string\"}}],\"inLanguage\":\"en-US\"},{\"@type\":\"Organization\",\"@id\":\"https:\/\/alieshope.com\/#organization\",\"name\":\"negafa\",\"url\":\"https:\/\/alieshope.com\/\",\"logo\":{\"@type\":\"ImageObject\",\"inLanguage\":\"en-US\",\"@id\":\"https:\/\/alieshope.com\/#\/schema\/logo\/image\/\",\"url\":\"https:\/\/i0.wp.com\/alieshope.com\/wp-content\/uploads\/2020\/09\/cropped-Cercle-Vert-Environnement-Logo-2.png?fit=500%2C343\",\"contentUrl\":\"https:\/\/i0.wp.com\/alieshope.com\/wp-content\/uploads\/2020\/09\/cropped-Cercle-Vert-Environnement-Logo-2.png?fit=500%2C343\",\"width\":500,\"height\":343,\"caption\":\"negafa\"},\"image\":{\"@id\":\"https:\/\/alieshope.com\/#\/schema\/logo\/image\/\"}}]}<\/script>\n<!-- \/ Yoast SEO plugin. -->","yoast_head_json":{"title":"NEGAFA DE PARIS ILE DE FRANCE ET LA REGION PARISIENNE - NEGAFA ZIANA PARIS","description":"CONTACTER VOTRE NEGAFA ZIANA PARIS POUR AVOIR PLUS D UN INFORMATION SUR LES PRESTATIONS ET LES SERVICES QUE ELLE PROPOSES","robots":{"index":"index","follow":"follow","max-snippet":"max-snippet:-1","max-image-preview":"max-image-preview:large","max-video-preview":"max-video-preview:-1"},"canonical":"https:\/\/alieshope.com\/index.php\/negafa-paris-ile-de-france\/","og_locale":"en_US","og_type":"article","og_title":"NEGAFA DE PARIS ILE DE FRANCE ET LA REGION PARISIENNE - NEGAFA ZIANA PARIS","og_description":"CONTACTER VOTRE NEGAFA ZIANA PARIS POUR AVOIR PLUS D UN INFORMATION SUR LES PRESTATIONS ET LES SERVICES QUE ELLE PROPOSES","og_url":"https:\/\/alieshope.com\/index.php\/negafa-paris-ile-de-france\/","og_site_name":"NEGAFA ZIANA PARIS","article_modified_time":"2020-09-07T10:22:26+00:00","twitter_card":"summary_large_image","twitter_misc":{"Est. reading time":"1 minute"},"schema":{"@context":"https:\/\/schema.org","@graph":[{"@type":"WebPage","@id":"https:\/\/alieshope.com\/index.php\/negafa-paris-ile-de-france\/","url":"https:\/\/alieshope.com\/index.php\/negafa-paris-ile-de-france\/","name":"NEGAFA DE PARIS ILE DE FRANCE ET LA REGION PARISIENNE - NEGAFA ZIANA PARIS","isPartOf":{"@id":"https:\/\/alieshope.com\/#website"},"datePublished":"2020-09-07T09:53:02+00:00","dateModified":"2020-09-07T10:22:26+00:00","description":"CONTACTER VOTRE NEGAFA ZIANA PARIS POUR AVOIR PLUS D UN INFORMATION SUR LES PRESTATIONS ET LES SERVICES QUE ELLE PROPOSES","breadcrumb":{"@id":"https:\/\/alieshope.com\/index.php\/negafa-paris-ile-de-france\/#breadcrumb"},"inLanguage":"en-US","potentialAction":[{"@type":"ReadAction","target":["https:\/\/alieshope.com\/index.php\/negafa-paris-ile-de-france\/"]}]},{"@type":"BreadcrumbList","@id":"https:\/\/alieshope.com\/index.php\/negafa-paris-ile-de-france\/#breadcrumb","itemListElement":[{"@type":"ListItem","position":1,"name":"Accueil","item":"https:\/\/alieshope.com\/"},{"@type":"ListItem","position":2,"name":"NEGAFA DE PARIS ILE DE FRANCE ET LA REGION PARISIENNE"}]},{"@type":"WebSite","@id":"https:\/\/alieshope.com\/#website","url":"https:\/\/alieshope.com\/","name":"NEGAFA ZIANA PARIS","description":"NEGAFA PARISIENNE ","publisher":{"@id":"https:\/\/alieshope.com\/#organization"},"potentialAction":[{"@type":"SearchAction","target":{"@type":"EntryPoint","urlTemplate":"https:\/\/alieshope.com\/?s={search_term_string}"},"query-input":{"@type":"PropertyValueSpecification","valueRequired":true,"valueName":"search_term_string"}}],"inLanguage":"en-US"},{"@type":"Organization","@id":"https:\/\/alieshope.com\/#organization","name":"negafa","url":"https:\/\/alieshope.com\/","logo":{"@type":"ImageObject","inLanguage":"en-US","@id":"https:\/\/alieshope.com\/#\/schema\/logo\/image\/","url":"https:\/\/i0.wp.com\/alieshope.com\/wp-content\/uploads\/2020\/09\/cropped-Cercle-Vert-Environnement-Logo-2.png?fit=500%2C343","contentUrl":"https:\/\/i0.wp.com\/alieshope.com\/wp-content\/uploads\/2020\/09\/cropped-Cercle-Vert-Environnement-Logo-2.png?fit=500%2C343","width":500,"height":343,"caption":"negafa"},"image":{"@id":"https:\/\/alieshope.com\/#\/schema\/logo\/image\/"}}]}},"jetpack_sharing_enabled":true,"_links":{"self":[{"href":"https:\/\/alieshope.com\/index.php\/wp-json\/wp\/v2\/pages\/68"}],"collection":[{"href":"https:\/\/alieshope.com\/index.php\/wp-json\/wp\/v2\/pages"}],"about":[{"href":"https:\/\/alieshope.com\/index.php\/wp-json\/wp\/v2\/types\/page"}],"author":[{"embeddable":true,"href":"https:\/\/alieshope.com\/index.php\/wp-json\/wp\/v2\/users\/1"}],"replies":[{"embeddable":true,"href":"https:\/\/alieshope.com\/index.php\/wp-json\/wp\/v2\/comments?post=68"}],"version-history":[{"count":2,"href":"https:\/\/alieshope.com\/index.php\/wp-json\/wp\/v2\/pages\/68\/revisions"}],"predecessor-version":[{"id":79,"href":"https:\/\/alieshope.com\/index.php\/wp-json\/wp\/v2\/pages\/68\/revisions\/79"}],"wp:attachment":[{"href":"https:\/\/alieshope.com\/index.php\/wp-json\/wp\/v2\/media?parent=68"}],"curies":[{"name":"wp","href":"https:\/\/api.w.org\/{rel}","templated":true}]}}