{"id":126,"date":"2020-09-10T18:57:12","date_gmt":"2020-09-10T16:57:12","guid":{"rendered":"http:\/\/alieshope.com\/?post_type=product&#038;p=126"},"modified":"2024-11-10T16:40:05","modified_gmt":"2024-11-10T15:40:05","slug":"awtlfe-kit-daccessoires-de-future-mariee-avec-tiare-en-cristal-et-voile-de-mariage","status":"publish","type":"product","link":"http:\/\/alieshope.com\/index.php\/produit\/awtlfe-kit-daccessoires-de-future-mariee-avec-tiare-en-cristal-et-voile-de-mariage\/","title":{"rendered":"Awtlfe Kit d\u2019accessoires de future mari\u00e9e avec tiare en cristal et voile de Mariage"},"content":{"rendered":"<h1 id=\"title\" class=\"a-size-large a-spacing-none\"><span id=\"productTitle\" class=\"a-size-large product-title-word-break\">Awtlfe Kit d\u2019accessoires de future mari\u00e9e avec tiare en cristal et voile de Mariage<\/span><\/h1>\n","protected":false},"excerpt":{"rendered":"<ul class=\"a-unordered-list a-vertical a-spacing-mini\">\n<li><span class=\"a-list-item\">Accessoires parfaits pour n&#8217;importe quel costume de mariage ou de princesse.<\/span><\/li>\n<li><span class=\"a-list-item\">Voile de mariage Double couche durable et \u00e9l\u00e9gant. Taille\u202f: 80\u00a0cm.<\/span><\/li>\n<li><span class=\"a-list-item\">Strass en cristal brillant, d\u00e9licats et attrayants.<\/span><\/li>\n<li><span class=\"a-list-item\">Ce kit de future mari\u00e9e est id\u00e9al pour un enterrement de vie de jeune fille, un mariage et une r\u00e9ception.<\/span><\/li>\n<li><span class=\"a-list-item\">Stable\u202f: la tiare se porte sur le front, avec des orifices de fixation par \u00e9pingles sur les c\u00f4t\u00e9s pour plus de s\u00e9curit\u00e9, les peignes aide \u00e0 conserver la tiare en place sans avoir \u00e0 utiliser trop d&#8217;\u00e9pingles \u00e0 cheveux.<\/span><\/li>\n<\/ul>\n","protected":false},"featured_media":127,"comment_status":"open","ping_status":"closed","template":"","meta":{"jetpack_publicize_message":"","jetpack_publicize_feature_enabled":true,"jetpack_social_post_already_shared":false,"jetpack_social_options":{"image_generator_settings":{"template":"highway","enabled":false},"version":2}},"product_cat":[28],"product_tag":[],"jetpack_publicize_connections":[],"yoast_head":"<!-- This site is optimized with the Yoast SEO plugin v23.5 - https:\/\/yoast.com\/wordpress\/plugins\/seo\/ -->\n<title>Awtlfe Kit d\u2019accessoires de future mari\u00e9e avec tiare en cristal et voile de Mariage - NEGAFA ZIANA PARIS<\/title>\n<meta name=\"description\" content=\"Awtlfe Kit d\u2019accessoires de future mari\u00e9e avec tiare en cristal et voile de Mariage\" \/>\n<meta name=\"robots\" content=\"index, follow, max-snippet:-1, max-image-preview:large, max-video-preview:-1\" \/>\n<link rel=\"canonical\" href=\"http:\/\/alieshope.com\/index.php\/produit\/awtlfe-kit-daccessoires-de-future-mariee-avec-tiare-en-cristal-et-voile-de-mariage\/\" \/>\n<meta property=\"og:locale\" content=\"en_US\" \/>\n<meta property=\"og:type\" content=\"article\" \/>\n<meta property=\"og:title\" content=\"Awtlfe Kit d\u2019accessoires de future mari\u00e9e avec tiare en cristal et voile de Mariage - NEGAFA ZIANA PARIS\" \/>\n<meta property=\"og:description\" content=\"Awtlfe Kit d\u2019accessoires de future mari\u00e9e avec tiare en cristal et voile de Mariage\" \/>\n<meta property=\"og:url\" content=\"http:\/\/alieshope.com\/index.php\/produit\/awtlfe-kit-daccessoires-de-future-mariee-avec-tiare-en-cristal-et-voile-de-mariage\/\" \/>\n<meta property=\"og:site_name\" content=\"NEGAFA ZIANA PARIS\" \/>\n<meta property=\"article:modified_time\" content=\"2024-11-10T15:40:05+00:00\" \/>\n<meta property=\"og:image\" content=\"https:\/\/i0.wp.com\/alieshope.com\/wp-content\/uploads\/2020\/09\/61fxZVWbHL._AC_SL1000_.jpg?fit=1000%2C1000\" \/>\n\t<meta property=\"og:image:width\" content=\"1000\" \/>\n\t<meta property=\"og:image:height\" content=\"1000\" \/>\n\t<meta property=\"og:image:type\" content=\"image\/jpeg\" \/>\n<meta name=\"twitter:card\" content=\"summary_large_image\" \/>\n<script type=\"application\/ld+json\" class=\"yoast-schema-graph\">{\"@context\":\"https:\/\/schema.org\",\"@graph\":[{\"@type\":\"WebPage\",\"@id\":\"http:\/\/alieshope.com\/index.php\/produit\/awtlfe-kit-daccessoires-de-future-mariee-avec-tiare-en-cristal-et-voile-de-mariage\/\",\"url\":\"http:\/\/alieshope.com\/index.php\/produit\/awtlfe-kit-daccessoires-de-future-mariee-avec-tiare-en-cristal-et-voile-de-mariage\/\",\"name\":\"Awtlfe Kit d\u2019accessoires de future mari\u00e9e avec tiare en cristal et voile de Mariage - NEGAFA ZIANA PARIS\",\"isPartOf\":{\"@id\":\"http:\/\/alieshope.com\/#website\"},\"primaryImageOfPage\":{\"@id\":\"http:\/\/alieshope.com\/index.php\/produit\/awtlfe-kit-daccessoires-de-future-mariee-avec-tiare-en-cristal-et-voile-de-mariage\/#primaryimage\"},\"image\":{\"@id\":\"http:\/\/alieshope.com\/index.php\/produit\/awtlfe-kit-daccessoires-de-future-mariee-avec-tiare-en-cristal-et-voile-de-mariage\/#primaryimage\"},\"thumbnailUrl\":\"https:\/\/i0.wp.com\/alieshope.com\/wp-content\/uploads\/2020\/09\/61fxZVWbHL._AC_SL1000_.jpg?fit=1000%2C1000\",\"datePublished\":\"2020-09-10T16:57:12+00:00\",\"dateModified\":\"2024-11-10T15:40:05+00:00\",\"description\":\"Awtlfe Kit d\u2019accessoires de future mari\u00e9e avec tiare en cristal et voile de Mariage\",\"breadcrumb\":{\"@id\":\"http:\/\/alieshope.com\/index.php\/produit\/awtlfe-kit-daccessoires-de-future-mariee-avec-tiare-en-cristal-et-voile-de-mariage\/#breadcrumb\"},\"inLanguage\":\"en-US\",\"potentialAction\":[{\"@type\":\"ReadAction\",\"target\":[\"http:\/\/alieshope.com\/index.php\/produit\/awtlfe-kit-daccessoires-de-future-mariee-avec-tiare-en-cristal-et-voile-de-mariage\/\"]}]},{\"@type\":\"ImageObject\",\"inLanguage\":\"en-US\",\"@id\":\"http:\/\/alieshope.com\/index.php\/produit\/awtlfe-kit-daccessoires-de-future-mariee-avec-tiare-en-cristal-et-voile-de-mariage\/#primaryimage\",\"url\":\"https:\/\/i0.wp.com\/alieshope.com\/wp-content\/uploads\/2020\/09\/61fxZVWbHL._AC_SL1000_.jpg?fit=1000%2C1000\",\"contentUrl\":\"https:\/\/i0.wp.com\/alieshope.com\/wp-content\/uploads\/2020\/09\/61fxZVWbHL._AC_SL1000_.jpg?fit=1000%2C1000\",\"width\":1000,\"height\":1000,\"caption\":\"Awtlfe Kit d\u2019accessoires de future mari\u00e9e avec tiare en cristal et voile de Mariage\"},{\"@type\":\"BreadcrumbList\",\"@id\":\"http:\/\/alieshope.com\/index.php\/produit\/awtlfe-kit-daccessoires-de-future-mariee-avec-tiare-en-cristal-et-voile-de-mariage\/#breadcrumb\",\"itemListElement\":[{\"@type\":\"ListItem\",\"position\":1,\"name\":\"Accueil\",\"item\":\"http:\/\/alieshope.com\/\"},{\"@type\":\"ListItem\",\"position\":2,\"name\":\"Boutique\",\"item\":\"https:\/\/alieshope.com\/index.php\/boutique\/\"},{\"@type\":\"ListItem\",\"position\":3,\"name\":\"Awtlfe Kit d\u2019accessoires de future mari\u00e9e avec tiare en cristal et voile de Mariage\"}]},{\"@type\":\"WebSite\",\"@id\":\"http:\/\/alieshope.com\/#website\",\"url\":\"http:\/\/alieshope.com\/\",\"name\":\"NEGAFA ZIANA PARIS\",\"description\":\"NEGAFA PARISIENNE \",\"publisher\":{\"@id\":\"http:\/\/alieshope.com\/#organization\"},\"potentialAction\":[{\"@type\":\"SearchAction\",\"target\":{\"@type\":\"EntryPoint\",\"urlTemplate\":\"http:\/\/alieshope.com\/?s={search_term_string}\"},\"query-input\":{\"@type\":\"PropertyValueSpecification\",\"valueRequired\":true,\"valueName\":\"search_term_string\"}}],\"inLanguage\":\"en-US\"},{\"@type\":\"Organization\",\"@id\":\"http:\/\/alieshope.com\/#organization\",\"name\":\"negafa\",\"url\":\"http:\/\/alieshope.com\/\",\"logo\":{\"@type\":\"ImageObject\",\"inLanguage\":\"en-US\",\"@id\":\"http:\/\/alieshope.com\/#\/schema\/logo\/image\/\",\"url\":\"https:\/\/i0.wp.com\/alieshope.com\/wp-content\/uploads\/2020\/09\/cropped-Cercle-Vert-Environnement-Logo-2.png?fit=500%2C343\",\"contentUrl\":\"https:\/\/i0.wp.com\/alieshope.com\/wp-content\/uploads\/2020\/09\/cropped-Cercle-Vert-Environnement-Logo-2.png?fit=500%2C343\",\"width\":500,\"height\":343,\"caption\":\"negafa\"},\"image\":{\"@id\":\"http:\/\/alieshope.com\/#\/schema\/logo\/image\/\"}}]}<\/script>\n<!-- \/ Yoast SEO plugin. -->","yoast_head_json":{"title":"Awtlfe Kit d\u2019accessoires de future mari\u00e9e avec tiare en cristal et voile de Mariage - NEGAFA ZIANA PARIS","description":"Awtlfe Kit d\u2019accessoires de future mari\u00e9e avec tiare en cristal et voile de Mariage","robots":{"index":"index","follow":"follow","max-snippet":"max-snippet:-1","max-image-preview":"max-image-preview:large","max-video-preview":"max-video-preview:-1"},"canonical":"http:\/\/alieshope.com\/index.php\/produit\/awtlfe-kit-daccessoires-de-future-mariee-avec-tiare-en-cristal-et-voile-de-mariage\/","og_locale":"en_US","og_type":"article","og_title":"Awtlfe Kit d\u2019accessoires de future mari\u00e9e avec tiare en cristal et voile de Mariage - NEGAFA ZIANA PARIS","og_description":"Awtlfe Kit d\u2019accessoires de future mari\u00e9e avec tiare en cristal et voile de Mariage","og_url":"http:\/\/alieshope.com\/index.php\/produit\/awtlfe-kit-daccessoires-de-future-mariee-avec-tiare-en-cristal-et-voile-de-mariage\/","og_site_name":"NEGAFA ZIANA PARIS","article_modified_time":"2024-11-10T15:40:05+00:00","og_image":[{"width":1000,"height":1000,"url":"https:\/\/i0.wp.com\/alieshope.com\/wp-content\/uploads\/2020\/09\/61fxZVWbHL._AC_SL1000_.jpg?fit=1000%2C1000","type":"image\/jpeg"}],"twitter_card":"summary_large_image","schema":{"@context":"https:\/\/schema.org","@graph":[{"@type":"WebPage","@id":"http:\/\/alieshope.com\/index.php\/produit\/awtlfe-kit-daccessoires-de-future-mariee-avec-tiare-en-cristal-et-voile-de-mariage\/","url":"http:\/\/alieshope.com\/index.php\/produit\/awtlfe-kit-daccessoires-de-future-mariee-avec-tiare-en-cristal-et-voile-de-mariage\/","name":"Awtlfe Kit d\u2019accessoires de future mari\u00e9e avec tiare en cristal et voile de Mariage - NEGAFA ZIANA PARIS","isPartOf":{"@id":"http:\/\/alieshope.com\/#website"},"primaryImageOfPage":{"@id":"http:\/\/alieshope.com\/index.php\/produit\/awtlfe-kit-daccessoires-de-future-mariee-avec-tiare-en-cristal-et-voile-de-mariage\/#primaryimage"},"image":{"@id":"http:\/\/alieshope.com\/index.php\/produit\/awtlfe-kit-daccessoires-de-future-mariee-avec-tiare-en-cristal-et-voile-de-mariage\/#primaryimage"},"thumbnailUrl":"https:\/\/i0.wp.com\/alieshope.com\/wp-content\/uploads\/2020\/09\/61fxZVWbHL._AC_SL1000_.jpg?fit=1000%2C1000","datePublished":"2020-09-10T16:57:12+00:00","dateModified":"2024-11-10T15:40:05+00:00","description":"Awtlfe Kit d\u2019accessoires de future mari\u00e9e avec tiare en cristal et voile de Mariage","breadcrumb":{"@id":"http:\/\/alieshope.com\/index.php\/produit\/awtlfe-kit-daccessoires-de-future-mariee-avec-tiare-en-cristal-et-voile-de-mariage\/#breadcrumb"},"inLanguage":"en-US","potentialAction":[{"@type":"ReadAction","target":["http:\/\/alieshope.com\/index.php\/produit\/awtlfe-kit-daccessoires-de-future-mariee-avec-tiare-en-cristal-et-voile-de-mariage\/"]}]},{"@type":"ImageObject","inLanguage":"en-US","@id":"http:\/\/alieshope.com\/index.php\/produit\/awtlfe-kit-daccessoires-de-future-mariee-avec-tiare-en-cristal-et-voile-de-mariage\/#primaryimage","url":"https:\/\/i0.wp.com\/alieshope.com\/wp-content\/uploads\/2020\/09\/61fxZVWbHL._AC_SL1000_.jpg?fit=1000%2C1000","contentUrl":"https:\/\/i0.wp.com\/alieshope.com\/wp-content\/uploads\/2020\/09\/61fxZVWbHL._AC_SL1000_.jpg?fit=1000%2C1000","width":1000,"height":1000,"caption":"Awtlfe Kit d\u2019accessoires de future mari\u00e9e avec tiare en cristal et voile de Mariage"},{"@type":"BreadcrumbList","@id":"http:\/\/alieshope.com\/index.php\/produit\/awtlfe-kit-daccessoires-de-future-mariee-avec-tiare-en-cristal-et-voile-de-mariage\/#breadcrumb","itemListElement":[{"@type":"ListItem","position":1,"name":"Accueil","item":"http:\/\/alieshope.com\/"},{"@type":"ListItem","position":2,"name":"Boutique","item":"https:\/\/alieshope.com\/index.php\/boutique\/"},{"@type":"ListItem","position":3,"name":"Awtlfe Kit d\u2019accessoires de future mari\u00e9e avec tiare en cristal et voile de Mariage"}]},{"@type":"WebSite","@id":"http:\/\/alieshope.com\/#website","url":"http:\/\/alieshope.com\/","name":"NEGAFA ZIANA PARIS","description":"NEGAFA PARISIENNE ","publisher":{"@id":"http:\/\/alieshope.com\/#organization"},"potentialAction":[{"@type":"SearchAction","target":{"@type":"EntryPoint","urlTemplate":"http:\/\/alieshope.com\/?s={search_term_string}"},"query-input":{"@type":"PropertyValueSpecification","valueRequired":true,"valueName":"search_term_string"}}],"inLanguage":"en-US"},{"@type":"Organization","@id":"http:\/\/alieshope.com\/#organization","name":"negafa","url":"http:\/\/alieshope.com\/","logo":{"@type":"ImageObject","inLanguage":"en-US","@id":"http:\/\/alieshope.com\/#\/schema\/logo\/image\/","url":"https:\/\/i0.wp.com\/alieshope.com\/wp-content\/uploads\/2020\/09\/cropped-Cercle-Vert-Environnement-Logo-2.png?fit=500%2C343","contentUrl":"https:\/\/i0.wp.com\/alieshope.com\/wp-content\/uploads\/2020\/09\/cropped-Cercle-Vert-Environnement-Logo-2.png?fit=500%2C343","width":500,"height":343,"caption":"negafa"},"image":{"@id":"http:\/\/alieshope.com\/#\/schema\/logo\/image\/"}}]}},"jetpack_sharing_enabled":true,"_links":{"self":[{"href":"http:\/\/alieshope.com\/index.php\/wp-json\/wp\/v2\/product\/126"}],"collection":[{"href":"http:\/\/alieshope.com\/index.php\/wp-json\/wp\/v2\/product"}],"about":[{"href":"http:\/\/alieshope.com\/index.php\/wp-json\/wp\/v2\/types\/product"}],"replies":[{"embeddable":true,"href":"http:\/\/alieshope.com\/index.php\/wp-json\/wp\/v2\/comments?post=126"}],"wp:featuredmedia":[{"embeddable":true,"href":"http:\/\/alieshope.com\/index.php\/wp-json\/wp\/v2\/media\/127"}],"wp:attachment":[{"href":"http:\/\/alieshope.com\/index.php\/wp-json\/wp\/v2\/media?parent=126"}],"wp:term":[{"taxonomy":"product_cat","embeddable":true,"href":"http:\/\/alieshope.com\/index.php\/wp-json\/wp\/v2\/product_cat?post=126"},{"taxonomy":"product_tag","embeddable":true,"href":"http:\/\/alieshope.com\/index.php\/wp-json\/wp\/v2\/product_tag?post=126"}],"curies":[{"name":"wp","href":"https:\/\/api.w.org\/{rel}","templated":true}]}}