{"id":122,"date":"2020-09-10T18:50:49","date_gmt":"2020-09-10T16:50:49","guid":{"rendered":"http:\/\/alieshope.com\/?post_type=product&#038;p=122"},"modified":"2024-03-16T19:25:44","modified_gmt":"2024-03-16T18:25:44","slug":"simple-couche-de-mariage-voile-lianshi-mariee-voile-dentelle-broderie-fournitures-de-mariee-3-mblanc","status":"publish","type":"product","link":"http:\/\/alieshope.com\/index.php\/produit\/simple-couche-de-mariage-voile-lianshi-mariee-voile-dentelle-broderie-fournitures-de-mariee-3-mblanc\/","title":{"rendered":"Simple Couche de Mariage Voile Lianshi Mari\u00e9e Voile Dentelle Broderie Fournitures de Mari\u00e9e 3 m(Blanc)"},"content":{"rendered":"<p>Simple Couche de Mariage Voile Lianshi Mari\u00e9e Voile Dentelle Broderie Fournitures de Mari\u00e9e 3 m(Blanc)<\/p>\n","protected":false},"excerpt":{"rendered":"<ul class=\"a-unordered-list a-vertical a-spacing-mini\">\n<li><span class=\"a-list-item\">Mat\u00e9riel: Race<\/span><\/li>\n<li><span class=\"a-list-item\">Taille: Longueur environ 300 cm<\/span><\/li>\n<li><span class=\"a-list-item\">Avec un beau voile de mariage, assez parfait pour une belle robe de mari\u00e9e.<\/span><\/li>\n<li><span class=\"a-list-item\">Il est populaire pour les mariages, les mariages, les sc\u00e8nes magnifiques telles que les f\u00eates et le th\u00e9\u00e2tres.<\/span><\/li>\n<li><span class=\"a-list-item\">Il incorpore l\u00e9g\u00e8rement cela cr\u00e9ant une silhouette \u00e9l\u00e9gante et \u00e9l\u00e9gante qui compl\u00e8te votre robe.<\/span><\/li>\n<\/ul>\n","protected":false},"featured_media":123,"comment_status":"open","ping_status":"closed","template":"","meta":{"jetpack_publicize_message":"","jetpack_publicize_feature_enabled":true,"jetpack_social_post_already_shared":false,"jetpack_social_options":{"image_generator_settings":{"template":"highway","enabled":false},"version":2}},"product_cat":[28],"product_tag":[],"jetpack_publicize_connections":[],"yoast_head":"<!-- This site is optimized with the Yoast SEO plugin v23.5 - https:\/\/yoast.com\/wordpress\/plugins\/seo\/ -->\n<title>Simple Couche de Mariage Voile Lianshi Mari\u00e9e Voile Dentelle Broderie Fournitures de Mari\u00e9e 3 m(Blanc) - NEGAFA ZIANA PARIS<\/title>\n<meta name=\"description\" content=\"Simple Couche de Mariage Voile Lianshi Mari\u00e9e Voile Dentelle Broderie Fournitures de Mari\u00e9e 3 m(Blanc) pas cher\" \/>\n<meta name=\"robots\" content=\"index, follow, max-snippet:-1, max-image-preview:large, max-video-preview:-1\" \/>\n<link rel=\"canonical\" href=\"https:\/\/alieshope.com\/index.php\/produit\/simple-couche-de-mariage-voile-lianshi-mariee-voile-dentelle-broderie-fournitures-de-mariee-3-mblanc\/\" \/>\n<meta property=\"og:locale\" content=\"en_US\" \/>\n<meta property=\"og:type\" content=\"article\" \/>\n<meta property=\"og:title\" content=\"Simple Couche de Mariage Voile Lianshi Mari\u00e9e Voile Dentelle Broderie Fournitures de Mari\u00e9e 3 m(Blanc) - NEGAFA ZIANA PARIS\" \/>\n<meta property=\"og:description\" content=\"Simple Couche de Mariage Voile Lianshi Mari\u00e9e Voile Dentelle Broderie Fournitures de Mari\u00e9e 3 m(Blanc) pas cher\" \/>\n<meta property=\"og:url\" content=\"https:\/\/alieshope.com\/index.php\/produit\/simple-couche-de-mariage-voile-lianshi-mariee-voile-dentelle-broderie-fournitures-de-mariee-3-mblanc\/\" \/>\n<meta property=\"og:site_name\" content=\"NEGAFA ZIANA PARIS\" \/>\n<meta property=\"article:modified_time\" content=\"2024-03-16T18:25:44+00:00\" \/>\n<meta property=\"og:image\" content=\"https:\/\/i0.wp.com\/alieshope.com\/wp-content\/uploads\/2020\/09\/71xExlzDtVL._AC_SL1500_.jpg?fit=999%2C1500&ssl=1\" \/>\n\t<meta property=\"og:image:width\" content=\"999\" \/>\n\t<meta property=\"og:image:height\" content=\"1500\" \/>\n\t<meta property=\"og:image:type\" content=\"image\/jpeg\" \/>\n<meta name=\"twitter:card\" content=\"summary_large_image\" \/>\n<script type=\"application\/ld+json\" class=\"yoast-schema-graph\">{\"@context\":\"https:\/\/schema.org\",\"@graph\":[{\"@type\":\"WebPage\",\"@id\":\"https:\/\/alieshope.com\/index.php\/produit\/simple-couche-de-mariage-voile-lianshi-mariee-voile-dentelle-broderie-fournitures-de-mariee-3-mblanc\/\",\"url\":\"https:\/\/alieshope.com\/index.php\/produit\/simple-couche-de-mariage-voile-lianshi-mariee-voile-dentelle-broderie-fournitures-de-mariee-3-mblanc\/\",\"name\":\"Simple Couche de Mariage Voile Lianshi Mari\u00e9e Voile Dentelle Broderie Fournitures de Mari\u00e9e 3 m(Blanc) - NEGAFA ZIANA PARIS\",\"isPartOf\":{\"@id\":\"http:\/\/alieshope.com\/#website\"},\"primaryImageOfPage\":{\"@id\":\"https:\/\/alieshope.com\/index.php\/produit\/simple-couche-de-mariage-voile-lianshi-mariee-voile-dentelle-broderie-fournitures-de-mariee-3-mblanc\/#primaryimage\"},\"image\":{\"@id\":\"https:\/\/alieshope.com\/index.php\/produit\/simple-couche-de-mariage-voile-lianshi-mariee-voile-dentelle-broderie-fournitures-de-mariee-3-mblanc\/#primaryimage\"},\"thumbnailUrl\":\"https:\/\/i0.wp.com\/alieshope.com\/wp-content\/uploads\/2020\/09\/71xExlzDtVL._AC_SL1500_.jpg?fit=999%2C1500\",\"datePublished\":\"2020-09-10T16:50:49+00:00\",\"dateModified\":\"2024-03-16T18:25:44+00:00\",\"description\":\"Simple Couche de Mariage Voile Lianshi Mari\u00e9e Voile Dentelle Broderie Fournitures de Mari\u00e9e 3 m(Blanc) pas cher\",\"breadcrumb\":{\"@id\":\"https:\/\/alieshope.com\/index.php\/produit\/simple-couche-de-mariage-voile-lianshi-mariee-voile-dentelle-broderie-fournitures-de-mariee-3-mblanc\/#breadcrumb\"},\"inLanguage\":\"en-US\",\"potentialAction\":[{\"@type\":\"ReadAction\",\"target\":[\"https:\/\/alieshope.com\/index.php\/produit\/simple-couche-de-mariage-voile-lianshi-mariee-voile-dentelle-broderie-fournitures-de-mariee-3-mblanc\/\"]}]},{\"@type\":\"ImageObject\",\"inLanguage\":\"en-US\",\"@id\":\"https:\/\/alieshope.com\/index.php\/produit\/simple-couche-de-mariage-voile-lianshi-mariee-voile-dentelle-broderie-fournitures-de-mariee-3-mblanc\/#primaryimage\",\"url\":\"https:\/\/i0.wp.com\/alieshope.com\/wp-content\/uploads\/2020\/09\/71xExlzDtVL._AC_SL1500_.jpg?fit=999%2C1500\",\"contentUrl\":\"https:\/\/i0.wp.com\/alieshope.com\/wp-content\/uploads\/2020\/09\/71xExlzDtVL._AC_SL1500_.jpg?fit=999%2C1500\",\"width\":999,\"height\":1500,\"caption\":\"Voile Lianshi Mari\u00e9e Voile Dentelle Broderie Fournitures de Mari\u00e9e 3 m(Blanc)\"},{\"@type\":\"BreadcrumbList\",\"@id\":\"https:\/\/alieshope.com\/index.php\/produit\/simple-couche-de-mariage-voile-lianshi-mariee-voile-dentelle-broderie-fournitures-de-mariee-3-mblanc\/#breadcrumb\",\"itemListElement\":[{\"@type\":\"ListItem\",\"position\":1,\"name\":\"Accueil\",\"item\":\"http:\/\/alieshope.com\/\"},{\"@type\":\"ListItem\",\"position\":2,\"name\":\"Boutique\",\"item\":\"https:\/\/alieshope.com\/index.php\/boutique\/\"},{\"@type\":\"ListItem\",\"position\":3,\"name\":\"Simple Couche de Mariage Voile Lianshi Mari\u00e9e Voile Dentelle Broderie Fournitures de Mari\u00e9e 3 m(Blanc)\"}]},{\"@type\":\"WebSite\",\"@id\":\"http:\/\/alieshope.com\/#website\",\"url\":\"http:\/\/alieshope.com\/\",\"name\":\"NEGAFA ZIANA PARIS\",\"description\":\"NEGAFA PARISIENNE \",\"publisher\":{\"@id\":\"http:\/\/alieshope.com\/#organization\"},\"potentialAction\":[{\"@type\":\"SearchAction\",\"target\":{\"@type\":\"EntryPoint\",\"urlTemplate\":\"http:\/\/alieshope.com\/?s={search_term_string}\"},\"query-input\":{\"@type\":\"PropertyValueSpecification\",\"valueRequired\":true,\"valueName\":\"search_term_string\"}}],\"inLanguage\":\"en-US\"},{\"@type\":\"Organization\",\"@id\":\"http:\/\/alieshope.com\/#organization\",\"name\":\"negafa\",\"url\":\"http:\/\/alieshope.com\/\",\"logo\":{\"@type\":\"ImageObject\",\"inLanguage\":\"en-US\",\"@id\":\"http:\/\/alieshope.com\/#\/schema\/logo\/image\/\",\"url\":\"https:\/\/i0.wp.com\/alieshope.com\/wp-content\/uploads\/2020\/09\/cropped-Cercle-Vert-Environnement-Logo-2.png?fit=500%2C343\",\"contentUrl\":\"https:\/\/i0.wp.com\/alieshope.com\/wp-content\/uploads\/2020\/09\/cropped-Cercle-Vert-Environnement-Logo-2.png?fit=500%2C343\",\"width\":500,\"height\":343,\"caption\":\"negafa\"},\"image\":{\"@id\":\"http:\/\/alieshope.com\/#\/schema\/logo\/image\/\"}}]}<\/script>\n<!-- \/ Yoast SEO plugin. -->","yoast_head_json":{"title":"Simple Couche de Mariage Voile Lianshi Mari\u00e9e Voile Dentelle Broderie Fournitures de Mari\u00e9e 3 m(Blanc) - NEGAFA ZIANA PARIS","description":"Simple Couche de Mariage Voile Lianshi Mari\u00e9e Voile Dentelle Broderie Fournitures de Mari\u00e9e 3 m(Blanc) pas cher","robots":{"index":"index","follow":"follow","max-snippet":"max-snippet:-1","max-image-preview":"max-image-preview:large","max-video-preview":"max-video-preview:-1"},"canonical":"https:\/\/alieshope.com\/index.php\/produit\/simple-couche-de-mariage-voile-lianshi-mariee-voile-dentelle-broderie-fournitures-de-mariee-3-mblanc\/","og_locale":"en_US","og_type":"article","og_title":"Simple Couche de Mariage Voile Lianshi Mari\u00e9e Voile Dentelle Broderie Fournitures de Mari\u00e9e 3 m(Blanc) - NEGAFA ZIANA PARIS","og_description":"Simple Couche de Mariage Voile Lianshi Mari\u00e9e Voile Dentelle Broderie Fournitures de Mari\u00e9e 3 m(Blanc) pas cher","og_url":"https:\/\/alieshope.com\/index.php\/produit\/simple-couche-de-mariage-voile-lianshi-mariee-voile-dentelle-broderie-fournitures-de-mariee-3-mblanc\/","og_site_name":"NEGAFA ZIANA PARIS","article_modified_time":"2024-03-16T18:25:44+00:00","og_image":[{"width":999,"height":1500,"url":"https:\/\/i0.wp.com\/alieshope.com\/wp-content\/uploads\/2020\/09\/71xExlzDtVL._AC_SL1500_.jpg?fit=999%2C1500&ssl=1","type":"image\/jpeg"}],"twitter_card":"summary_large_image","schema":{"@context":"https:\/\/schema.org","@graph":[{"@type":"WebPage","@id":"https:\/\/alieshope.com\/index.php\/produit\/simple-couche-de-mariage-voile-lianshi-mariee-voile-dentelle-broderie-fournitures-de-mariee-3-mblanc\/","url":"https:\/\/alieshope.com\/index.php\/produit\/simple-couche-de-mariage-voile-lianshi-mariee-voile-dentelle-broderie-fournitures-de-mariee-3-mblanc\/","name":"Simple Couche de Mariage Voile Lianshi Mari\u00e9e Voile Dentelle Broderie Fournitures de Mari\u00e9e 3 m(Blanc) - NEGAFA ZIANA PARIS","isPartOf":{"@id":"http:\/\/alieshope.com\/#website"},"primaryImageOfPage":{"@id":"https:\/\/alieshope.com\/index.php\/produit\/simple-couche-de-mariage-voile-lianshi-mariee-voile-dentelle-broderie-fournitures-de-mariee-3-mblanc\/#primaryimage"},"image":{"@id":"https:\/\/alieshope.com\/index.php\/produit\/simple-couche-de-mariage-voile-lianshi-mariee-voile-dentelle-broderie-fournitures-de-mariee-3-mblanc\/#primaryimage"},"thumbnailUrl":"https:\/\/i0.wp.com\/alieshope.com\/wp-content\/uploads\/2020\/09\/71xExlzDtVL._AC_SL1500_.jpg?fit=999%2C1500","datePublished":"2020-09-10T16:50:49+00:00","dateModified":"2024-03-16T18:25:44+00:00","description":"Simple Couche de Mariage Voile Lianshi Mari\u00e9e Voile Dentelle Broderie Fournitures de Mari\u00e9e 3 m(Blanc) pas cher","breadcrumb":{"@id":"https:\/\/alieshope.com\/index.php\/produit\/simple-couche-de-mariage-voile-lianshi-mariee-voile-dentelle-broderie-fournitures-de-mariee-3-mblanc\/#breadcrumb"},"inLanguage":"en-US","potentialAction":[{"@type":"ReadAction","target":["https:\/\/alieshope.com\/index.php\/produit\/simple-couche-de-mariage-voile-lianshi-mariee-voile-dentelle-broderie-fournitures-de-mariee-3-mblanc\/"]}]},{"@type":"ImageObject","inLanguage":"en-US","@id":"https:\/\/alieshope.com\/index.php\/produit\/simple-couche-de-mariage-voile-lianshi-mariee-voile-dentelle-broderie-fournitures-de-mariee-3-mblanc\/#primaryimage","url":"https:\/\/i0.wp.com\/alieshope.com\/wp-content\/uploads\/2020\/09\/71xExlzDtVL._AC_SL1500_.jpg?fit=999%2C1500","contentUrl":"https:\/\/i0.wp.com\/alieshope.com\/wp-content\/uploads\/2020\/09\/71xExlzDtVL._AC_SL1500_.jpg?fit=999%2C1500","width":999,"height":1500,"caption":"Voile Lianshi Mari\u00e9e Voile Dentelle Broderie Fournitures de Mari\u00e9e 3 m(Blanc)"},{"@type":"BreadcrumbList","@id":"https:\/\/alieshope.com\/index.php\/produit\/simple-couche-de-mariage-voile-lianshi-mariee-voile-dentelle-broderie-fournitures-de-mariee-3-mblanc\/#breadcrumb","itemListElement":[{"@type":"ListItem","position":1,"name":"Accueil","item":"http:\/\/alieshope.com\/"},{"@type":"ListItem","position":2,"name":"Boutique","item":"https:\/\/alieshope.com\/index.php\/boutique\/"},{"@type":"ListItem","position":3,"name":"Simple Couche de Mariage Voile Lianshi Mari\u00e9e Voile Dentelle Broderie Fournitures de Mari\u00e9e 3 m(Blanc)"}]},{"@type":"WebSite","@id":"http:\/\/alieshope.com\/#website","url":"http:\/\/alieshope.com\/","name":"NEGAFA ZIANA PARIS","description":"NEGAFA PARISIENNE ","publisher":{"@id":"http:\/\/alieshope.com\/#organization"},"potentialAction":[{"@type":"SearchAction","target":{"@type":"EntryPoint","urlTemplate":"http:\/\/alieshope.com\/?s={search_term_string}"},"query-input":{"@type":"PropertyValueSpecification","valueRequired":true,"valueName":"search_term_string"}}],"inLanguage":"en-US"},{"@type":"Organization","@id":"http:\/\/alieshope.com\/#organization","name":"negafa","url":"http:\/\/alieshope.com\/","logo":{"@type":"ImageObject","inLanguage":"en-US","@id":"http:\/\/alieshope.com\/#\/schema\/logo\/image\/","url":"https:\/\/i0.wp.com\/alieshope.com\/wp-content\/uploads\/2020\/09\/cropped-Cercle-Vert-Environnement-Logo-2.png?fit=500%2C343","contentUrl":"https:\/\/i0.wp.com\/alieshope.com\/wp-content\/uploads\/2020\/09\/cropped-Cercle-Vert-Environnement-Logo-2.png?fit=500%2C343","width":500,"height":343,"caption":"negafa"},"image":{"@id":"http:\/\/alieshope.com\/#\/schema\/logo\/image\/"}}]}},"jetpack_sharing_enabled":true,"_links":{"self":[{"href":"http:\/\/alieshope.com\/index.php\/wp-json\/wp\/v2\/product\/122"}],"collection":[{"href":"http:\/\/alieshope.com\/index.php\/wp-json\/wp\/v2\/product"}],"about":[{"href":"http:\/\/alieshope.com\/index.php\/wp-json\/wp\/v2\/types\/product"}],"replies":[{"embeddable":true,"href":"http:\/\/alieshope.com\/index.php\/wp-json\/wp\/v2\/comments?post=122"}],"wp:featuredmedia":[{"embeddable":true,"href":"http:\/\/alieshope.com\/index.php\/wp-json\/wp\/v2\/media\/123"}],"wp:attachment":[{"href":"http:\/\/alieshope.com\/index.php\/wp-json\/wp\/v2\/media?parent=122"}],"wp:term":[{"taxonomy":"product_cat","embeddable":true,"href":"http:\/\/alieshope.com\/index.php\/wp-json\/wp\/v2\/product_cat?post=122"},{"taxonomy":"product_tag","embeddable":true,"href":"http:\/\/alieshope.com\/index.php\/wp-json\/wp\/v2\/product_tag?post=122"}],"curies":[{"name":"wp","href":"https:\/\/api.w.org\/{rel}","templated":true}]}}